{"id":268,"date":"2025-03-14T09:12:21","date_gmt":"2025-03-14T09:12:21","guid":{"rendered":"https:\/\/creacommunity.org\/STEP4SEAS\/home\/"},"modified":"2025-03-19T12:14:56","modified_gmt":"2025-03-19T12:14:56","slug":"project","status":"publish","type":"page","link":"https:\/\/creacommunity.org\/STEP4SEAS\/","title":{"rendered":"Project"},"content":{"rendered":"\n<div class=\"wp-block-uagb-container uagb-block-1ff361b3 alignfull uagb-is-root-container\"><div class=\"uagb-container-inner-blocks-wrap\">\n<div class=\"wp-block-uagb-container uagb-block-1ff03e95\">\n<div class=\"wp-block-uagb-advanced-heading uagb-block-b0436385\"><h5 class=\"uagb-heading-text\">WELCOME TO STEP4SEAS!<\/h5><\/div>\n\n\n\n<div class=\"wp-block-uagb-advanced-heading uagb-block-368fd621\"><h1 class=\"uagb-heading-text\">Inclusive Education for All<\/h1><div class=\"uagb-separator\"><\/div><\/div>\n\n\n\n<p class=\"has-ast-global-color-3-color has-text-color has-link-color wp-elements-028c9585716f89a0169adb10e159197f\" style=\"font-size:16px\"><strong>Building bridges between schools, universities, and governments to foster inclusion of disadvantaged learners across Europe.<\/strong><\/p>\n\n\n\n<div class=\"wp-block-uagb-buttons uagb-buttons__outer-wrap uagb-btn__default-btn uagb-btn-tablet__default-btn uagb-btn-mobile__default-btn uagb-block-26e32ea5\"><div class=\"uagb-buttons__wrap uagb-buttons-layout-wrap \">\n<div class=\"wp-block-uagb-buttons-child uagb-buttons__outer-wrap uagb-block-980f2480 wp-block-button\"><div class=\"uagb-button__wrapper\"><a class=\"uagb-buttons-repeater wp-block-button__link\" aria-label=\"\" href=\"https:\/\/creacommunity.org\/STEP4SEAS\/outcomes\/\" rel=\"follow noopener\" target=\"_self\" role=\"button\"><div class=\"uagb-button__link\">Our Research<\/div><\/a><\/div><\/div>\n<\/div><\/div>\n<\/div>\n<\/div><\/div>\n\n\n\n<div class=\"wp-block-uagb-container uagb-block-5fde4ec6 alignfull uagb-is-root-container\"><div class=\"uagb-container-inner-blocks-wrap\"><\/div><\/div>\n\n\n\n<div class=\"wp-block-uagb-container uagb-block-1b8a7b78 alignfull uagb-is-root-container\"><div class=\"uagb-container-inner-blocks-wrap\">\n<div class=\"wp-block-uagb-advanced-heading uagb-block-a720424b\"><h2 class=\"uagb-heading-text\">About\u200b<\/h2><div class=\"uagb-separator\"><\/div><\/div>\n\n\n\n<div class=\"wp-block-uagb-container uagb-block-cd50124a\">\n<div class=\"wp-block-uagb-container uagb-block-0f4f4f66\">\n<p><strong>Programme:<\/strong>&nbsp;ERASMUS + 2016 Spain<br><strong>Title Project:<\/strong>&nbsp;Transformaci\u00f3n Social a trav\u00e9s de Pol\u00edticas Educativas basadas en Actuaciones Educativas de \u00c9xito (STEP4SEAS)<br><strong>Record Number:<\/strong>&nbsp;580432-EPP-1-2016-1-ES-EPPKA3-IPI-SOC-IN<br><strong>Start date and endind date:<\/strong>&nbsp;2016-2019<br><strong>Duration:<\/strong>&nbsp;36 months<br><\/p>\n<\/div>\n\n\n\n<div class=\"wp-block-uagb-container uagb-block-dddc54f3\">\n<div class=\"wp-block-uagb-image aligncenter uagb-block-4d8bf8a5 wp-block-uagb-image--layout-default wp-block-uagb-image--effect-static wp-block-uagb-image--align-center\"><figure class=\"wp-block-uagb-image__figure\"><img decoding=\"async\" srcset=\"https:\/\/creacommunity.org\/STEP4SEAS\/wp-content\/uploads\/2025\/03\/PRograma-erasmus-.png ,https:\/\/creacommunity.org\/STEP4SEAS\/wp-content\/uploads\/2025\/03\/PRograma-erasmus-.png 780w, https:\/\/creacommunity.org\/STEP4SEAS\/wp-content\/uploads\/2025\/03\/PRograma-erasmus-.png 360w\" sizes=\"auto, (max-width: 480px) 150px\" src=\"https:\/\/creacommunity.org\/STEP4SEAS\/wp-content\/uploads\/2025\/03\/PRograma-erasmus-.png\" alt=\"\" class=\"uag-image-1514\" width=\"768\" height=\"187\" title=\"PRograma erasmus +\" loading=\"lazy\" role=\"img\"\/><\/figure><\/div>\n\n\n\n<p>The European Commission support for the production of this publication does not constitute an endorsement of the contents which reflects the views only of the authors, and the Commission cannot be held responsible for any use which may be made of the information contained therein.<\/p>\n<\/div>\n<\/div>\n\n\n\n<p class=\"has-ast-global-color-2-color has-text-color has-link-color wp-elements-41811e439099175e0cf9261bff9efe7a\"><strong>STEP4SEAS<\/strong> project purpose is to promote the development of educative policies that foster the inclusion of disadvantaged learners based on Successful Actions (SEAs) implemented through collaborative work from schools, universities and governments. <strong>The Successful Educational Actions<\/strong> had been identified by <strong>INCLUDE-ED<\/strong> research, Strategies for inclusion and Social Cohesion in Europe, a project funded by the <strong>European Commission<\/strong> under the Sixth Framework Program (FP6 2006-2011). The findings of this research across 14 European countries indicated the possibility of transferring SEA across other countries in order to increase the performance and achievements of disadvantaged learners in the education system.<\/p>\n\n\n\n<p class=\"has-ast-global-color-2-color has-text-color has-link-color wp-elements-e4038d3ef5b1b40ab6557aa342200e1f\"><strong>STEP4SEAS<\/strong> project will work to ensure that SEAS is implemented in schools and communities across Europe and that governments and universities draft policies that would further aid in the implementation of SEA. The intended social impact of this project is the creation of a more inclusive educational system for disadvantaged learners and in turn the improvement of social cohesion. As for the political realm, STEP4SEAS expects that the government will work closer with universities and schools to implement more policies and strategies to upscale the impact of SEA.<\/p>\n\n\n\n<div class=\"wp-block-uagb-buttons uagb-buttons__outer-wrap uagb-btn__default-btn uagb-btn-tablet__default-btn uagb-btn-mobile__default-btn uagb-block-cebbc88e\"><div class=\"uagb-buttons__wrap uagb-buttons-layout-wrap \">\n<div class=\"wp-block-uagb-buttons-child uagb-buttons__outer-wrap uagb-block-7204f11f wp-block-button\"><div class=\"uagb-button__wrapper\"><a class=\"uagb-buttons-repeater wp-block-button__link\" aria-label=\"\" href=\"https:\/\/creacommunity.org\/STEP4SEAS\/outcomes\/\" rel=\"follow noopener\" target=\"_self\" role=\"button\"><div class=\"uagb-button__link\">Outcomes<\/div><\/a><\/div><\/div>\n<\/div><\/div>\n<\/div><\/div>\n\n\n\n<div class=\"wp-block-uagb-container uagb-block-e4227bb6 alignfull uagb-is-root-container\"><div class=\"uagb-container-inner-blocks-wrap\">\n<div class=\"wp-block-uagb-container uagb-block-f3556945\">\n<div class=\"wp-block-uagb-container uagb-block-b12e36c0\">\n<div class=\"wp-block-uagb-advanced-heading uagb-block-acf1f8c1\"><h2 class=\"uagb-heading-text\">Scientific Basis of the Project<\/h2><div class=\"uagb-separator\"><\/div><\/div>\n\n\n\n<p class=\"has-ast-global-color-3-color has-text-color has-link-color wp-elements-001ec43783f1e16656637335eb22d6b4\" style=\"font-size:20px\"><strong>The STEP4SEAS project is based on rigorous research developed by more than 80 researchers over the last 30 years and validated by the INCLUD-ED project.<\/strong><\/p>\n<\/div>\n\n\n\n<div class=\"wp-block-uagb-container uagb-block-c392ca30\">\n<div class=\"wp-block-uagb-info-box uagb-block-a9305d2d uagb-infobox__content-wrap  uagb-infobox-icon-above-title uagb-infobox-image-valign-top\"><div class=\"uagb-ifb-content\"><div class=\"uagb-ifb-icon-wrap\"><svg xmlns=\"https:\/\/www.w3.org\/2000\/svg\" viewBox=\"0 0 512 512\"><path d=\"M512 256C512 397.4 397.4 512 256 512C114.6 512 0 397.4 0 256C0 114.6 114.6 0 256 0C397.4 0 512 114.6 512 256zM57.71 192.1L67.07 209.4C75.36 223.9 88.99 234.6 105.1 239.2L162.1 255.7C180.2 260.6 192 276.3 192 294.2V334.1C192 345.1 198.2 355.1 208 359.1C217.8 364.9 224 374.9 224 385.9V424.9C224 440.5 238.9 451.7 253.9 447.4C270.1 442.8 282.5 429.1 286.6 413.7L289.4 402.5C293.6 385.6 304.6 371.1 319.7 362.4L327.8 357.8C342.8 349.3 352 333.4 352 316.1V307.9C352 295.1 346.9 282.9 337.9 273.9L334.1 270.1C325.1 261.1 312.8 255.1 300.1 255.1H256.1C245.9 255.1 234.9 253.1 225.2 247.6L190.7 227.8C186.4 225.4 183.1 221.4 181.6 216.7C178.4 207.1 182.7 196.7 191.7 192.1L197.7 189.2C204.3 185.9 211.9 185.3 218.1 187.7L242.2 195.4C250.3 198.1 259.3 195 264.1 187.9C268.8 180.8 268.3 171.5 262.9 165L249.3 148.8C239.3 136.8 239.4 119.3 249.6 107.5L265.3 89.12C274.1 78.85 275.5 64.16 268.8 52.42L266.4 48.26C262.1 48.09 259.5 48 256 48C163.1 48 84.4 108.9 57.71 192.1L57.71 192.1zM437.6 154.5L412 164.8C396.3 171.1 388.2 188.5 393.5 204.6L410.4 255.3C413.9 265.7 422.4 273.6 433 276.3L462.2 283.5C463.4 274.5 464 265.3 464 256C464 219.2 454.4 184.6 437.6 154.5H437.6z\"><\/path><\/svg><\/div><div class=\"uagb-ifb-title-wrap\"><h4 class=\"uagb-ifb-title\">EVIDENCE-BASED RESEARCH<\/h4><\/div><p class=\"uagb-ifb-desc\">Successful Educational Actions have demonstrated positive results in more than 700 schools across 10 countries, overcoming educational and social inequalities..<\/p><\/div><\/div>\n<\/div>\n\n\n\n<div class=\"wp-block-uagb-container uagb-block-32f51ae3\">\n<div class=\"wp-block-uagb-info-box uagb-block-7cb9e55c uagb-infobox__content-wrap  uagb-infobox-icon-above-title uagb-infobox-image-valign-top\"><div class=\"uagb-ifb-content\"><div class=\"uagb-ifb-icon-wrap\"><svg xmlns=\"https:\/\/www.w3.org\/2000\/svg\" viewBox=\"0 0 640 512\"><path d=\"M320 128C328.8 128 336 135.2 336 144V160H352C360.8 160 368 167.2 368 176C368 184.8 360.8 192 352 192H320C311.2 192 304 184.8 304 176V144C304 135.2 311.2 128 320 128zM476.8 98.06L602.4 125.1C624.4 130.9 640 150.3 640 172.8V464C640 490.5 618.5 512 592 512H48C21.49 512 0 490.5 0 464V172.8C0 150.3 15.63 130.9 37.59 125.1L163.2 98.06L302.2 5.374C312.1-1.791 327-1.791 337.8 5.374L476.8 98.06zM256 512H384V416C384 380.7 355.3 352 320 352C284.7 352 256 380.7 256 416V512zM96 192C87.16 192 80 199.2 80 208V272C80 280.8 87.16 288 96 288H128C136.8 288 144 280.8 144 272V208C144 199.2 136.8 192 128 192H96zM496 272C496 280.8 503.2 288 512 288H544C552.8 288 560 280.8 560 272V208C560 199.2 552.8 192 544 192H512C503.2 192 496 199.2 496 208V272zM96 320C87.16 320 80 327.2 80 336V400C80 408.8 87.16 416 96 416H128C136.8 416 144 408.8 144 400V336C144 327.2 136.8 320 128 320H96zM496 400C496 408.8 503.2 416 512 416H544C552.8 416 560 408.8 560 400V336C560 327.2 552.8 320 544 320H512C503.2 320 496 327.2 496 336V400zM320 88C271.4 88 232 127.4 232 176C232 224.6 271.4 264 320 264C368.6 264 408 224.6 408 176C408 127.4 368.6 88 320 88z\"><\/path><\/svg><\/div><div class=\"uagb-ifb-title-wrap\"><h4 class=\"uagb-ifb-title\">DIALOGIC LEARNING<\/h4><\/div><p class=\"uagb-ifb-desc\">We promote interactions based on egalitarian dialogue, recognizing the cultural intelligence of all people and oriented toward social transformation.<\/p><\/div><\/div>\n<\/div>\n<\/div>\n\n\n\n<div class=\"wp-block-uagb-container uagb-block-5dcd0302\">\n<div class=\"wp-block-uagb-container uagb-block-5d66b48d\"><\/div>\n\n\n\n<div class=\"wp-block-uagb-container uagb-block-074e0459\">\n<div class=\"wp-block-uagb-info-box uagb-block-d49ff9c1 uagb-infobox__content-wrap  uagb-infobox-icon-above-title uagb-infobox-image-valign-top\"><div class=\"uagb-ifb-content\"><div class=\"uagb-ifb-icon-wrap\"><svg xmlns=\"https:\/\/www.w3.org\/2000\/svg\" viewBox=\"0 0 640 512\"><path d=\"M224 256c70.7 0 128-57.31 128-128S294.7 0 224 0C153.3 0 96 57.31 96 128S153.3 256 224 256zM274.7 304H173.3c-95.73 0-173.3 77.6-173.3 173.3C0 496.5 15.52 512 34.66 512H413.3C432.5 512 448 496.5 448 477.3C448 381.6 370.4 304 274.7 304zM479.1 320h-73.85C451.2 357.7 480 414.1 480 477.3C480 490.1 476.2 501.9 470 512h138C625.7 512 640 497.6 640 479.1C640 391.6 568.4 320 479.1 320zM432 256C493.9 256 544 205.9 544 144S493.9 32 432 32c-25.11 0-48.04 8.555-66.72 22.51C376.8 76.63 384 101.4 384 128c0 35.52-11.93 68.14-31.59 94.71C372.7 243.2 400.8 256 432 256z\"><\/path><\/svg><\/div><div class=\"uagb-ifb-title-wrap\"><h4 class=\"uagb-ifb-title\">COMMUNITY PARTICIPATION<\/h4><\/div><p class=\"uagb-ifb-desc\">We promote the direct participation of family members and community members in educational spaces to ensure the success of all students..<\/p><\/div><\/div>\n<\/div>\n\n\n\n<div class=\"wp-block-uagb-container uagb-block-d7eb820a\">\n<div class=\"wp-block-uagb-info-box uagb-block-e2bf0ff3 uagb-infobox__content-wrap  uagb-infobox-icon-above-title uagb-infobox-image-valign-top\"><div class=\"uagb-ifb-content\"><div class=\"uagb-ifb-icon-wrap\"><svg xmlns=\"https:\/\/www.w3.org\/2000\/svg\" viewBox=\"0 0 640 512\"><path d=\"M623.1 136.9l-282.7-101.2c-13.73-4.91-28.7-4.91-42.43 0L16.05 136.9C6.438 140.4 0 149.6 0 160s6.438 19.65 16.05 23.09L76.07 204.6c-11.89 15.8-20.26 34.16-24.55 53.95C40.05 263.4 32 274.8 32 288c0 9.953 4.814 18.49 11.94 24.36l-24.83 149C17.48 471.1 25 480 34.89 480H93.11c9.887 0 17.41-8.879 15.78-18.63l-24.83-149C91.19 306.5 96 297.1 96 288c0-10.29-5.174-19.03-12.72-24.89c4.252-17.76 12.88-33.82 24.94-47.03l190.6 68.23c13.73 4.91 28.7 4.91 42.43 0l282.7-101.2C633.6 179.6 640 170.4 640 160S633.6 140.4 623.1 136.9zM351.1 314.4C341.7 318.1 330.9 320 320 320c-10.92 0-21.69-1.867-32-5.555L142.8 262.5L128 405.3C128 446.6 213.1 480 320 480c105.1 0 192-33.4 192-74.67l-14.78-142.9L351.1 314.4z\"><\/path><\/svg><\/div><div class=\"uagb-ifb-title-wrap\"><h4 class=\"uagb-ifb-title\">KNOWLEDGE TRANSFER\u200b<\/h4><\/div><p class=\"uagb-ifb-desc\">We work to connect schools, universities and governments in implementing Successful Educational Actions.<\/p><\/div><\/div>\n<\/div>\n<\/div>\n<\/div><\/div>\n","protected":false},"excerpt":{"rendered":"<p>WELCOME TO STEP4SEAS! Inclusive Education for All Building bridges between schools, universities, and governments to foster inclusion of disadvantaged learners [&hellip;]<\/p>\n","protected":false},"author":1,"featured_media":0,"parent":0,"menu_order":0,"comment_status":"closed","ping_status":"closed","template":"","meta":{"_uag_custom_page_level_css":"","site-sidebar-layout":"no-sidebar","site-content-layout":"page-builder","ast-site-content-layout":"full-width-container","site-content-style":"unboxed","site-sidebar-style":"unboxed","ast-global-header-display":"","ast-banner-title-visibility":"","ast-main-header-display":"","ast-hfb-above-header-display":"","ast-hfb-below-header-display":"","ast-hfb-mobile-header-display":"","site-post-title":"disabled","ast-breadcrumbs-content":"","ast-featured-img":"","footer-sml-layout":"","theme-transparent-header-meta":"","adv-header-id-meta":"","stick-header-meta":"","header-above-stick-meta":"","header-main-stick-meta":"","header-below-stick-meta":"","astra-migrate-meta-layouts":"set","ast-page-background-enabled":"default","ast-page-background-meta":{"desktop":{"background-color":"var(--ast-global-color-5)","background-image":"","background-repeat":"repeat","background-position":"center center","background-size":"auto","background-attachment":"scroll","background-type":"","background-media":"","overlay-type":"","overlay-color":"","overlay-opacity":"","overlay-gradient":""},"tablet":{"background-color":"","background-image":"","background-repeat":"repeat","background-position":"center center","background-size":"auto","background-attachment":"scroll","background-type":"","background-media":"","overlay-type":"","overlay-color":"","overlay-opacity":"","overlay-gradient":""},"mobile":{"background-color":"","background-image":"","background-repeat":"repeat","background-position":"center center","background-size":"auto","background-attachment":"scroll","background-type":"","background-media":"","overlay-type":"","overlay-color":"","overlay-opacity":"","overlay-gradient":""}},"ast-content-background-meta":{"desktop":{"background-color":"var(--ast-global-color-4)","background-image":"","background-repeat":"repeat","background-position":"center center","background-size":"auto","background-attachment":"scroll","background-type":"","background-media":"","overlay-type":"","overlay-color":"","overlay-opacity":"","overlay-gradient":""},"tablet":{"background-color":"var(--ast-global-color-4)","background-image":"","background-repeat":"repeat","background-position":"center center","background-size":"auto","background-attachment":"scroll","background-type":"","background-media":"","overlay-type":"","overlay-color":"","overlay-opacity":"","overlay-gradient":""},"mobile":{"background-color":"var(--ast-global-color-4)","background-image":"","background-repeat":"repeat","background-position":"center center","background-size":"auto","background-attachment":"scroll","background-type":"","background-media":"","overlay-type":"","overlay-color":"","overlay-opacity":"","overlay-gradient":""}},"footnotes":""},"class_list":["post-268","page","type-page","status-publish","hentry"],"uagb_featured_image_src":{"full":false,"thumbnail":false,"medium":false,"medium_large":false,"large":false,"1536x1536":false,"2048x2048":false},"uagb_author_info":{"display_name":"wp_STEP4SEAS","author_link":"https:\/\/creacommunity.org\/STEP4SEAS\/author\/wp_step4seas\/"},"uagb_comment_info":0,"uagb_excerpt":"WELCOME TO STEP4SEAS! Inclusive Education for All Building bridges between schools, universities, and governments to foster inclusion of disadvantaged learners [&hellip;]","_links":{"self":[{"href":"https:\/\/creacommunity.org\/STEP4SEAS\/wp-json\/wp\/v2\/pages\/268","targetHints":{"allow":["GET"]}}],"collection":[{"href":"https:\/\/creacommunity.org\/STEP4SEAS\/wp-json\/wp\/v2\/pages"}],"about":[{"href":"https:\/\/creacommunity.org\/STEP4SEAS\/wp-json\/wp\/v2\/types\/page"}],"author":[{"embeddable":true,"href":"https:\/\/creacommunity.org\/STEP4SEAS\/wp-json\/wp\/v2\/users\/1"}],"replies":[{"embeddable":true,"href":"https:\/\/creacommunity.org\/STEP4SEAS\/wp-json\/wp\/v2\/comments?post=268"}],"version-history":[{"count":118,"href":"https:\/\/creacommunity.org\/STEP4SEAS\/wp-json\/wp\/v2\/pages\/268\/revisions"}],"predecessor-version":[{"id":1799,"href":"https:\/\/creacommunity.org\/STEP4SEAS\/wp-json\/wp\/v2\/pages\/268\/revisions\/1799"}],"wp:attachment":[{"href":"https:\/\/creacommunity.org\/STEP4SEAS\/wp-json\/wp\/v2\/media?parent=268"}],"curies":[{"name":"wp","href":"https:\/\/api.w.org\/{rel}","templated":true}]}}